{"id":1208,"date":"2018-12-13T08:14:37","date_gmt":"2018-12-13T08:14:37","guid":{"rendered":"http:\/\/compresoresgipuzkoa.net\/hamarremanetarako\/"},"modified":"2022-11-17T18:03:10","modified_gmt":"2022-11-17T18:03:10","slug":"harremanetarako","status":"publish","type":"page","link":"https:\/\/compresoresgipuzkoa.net\/eu\/harremanetarako\/","title":{"rendered":"Harremanetarako"},"content":{"rendered":"<p><div class=\"fusion-fullwidth fullwidth-box fusion-builder-row-1 hundred-percent-fullwidth non-hundred-percent-height-scrolling\" style=\"background-color: rgba(255,255,255,0);background-position: left top;background-repeat: no-repeat;padding-top:0px;padding-right:0px;padding-bottom:0px;padding-left:0px;margin-bottom: 0px;margin-top: 0px;border-width: 0px 0px 0px 0px;border-color:#eaeaea;border-style:solid;\" ><div class=\"fusion-builder-row fusion-row\"><div class=\"fusion-layout-column fusion_builder_column fusion-builder-column-0 fusion_builder_column_1_1 1_1 fusion-one-full fusion-column-first fusion-column-last fusion-column-no-min-height\" style=\"margin-top:0px;margin-bottom:0px;\"><div class=\"fusion-column-wrapper fusion-flex-column-wrapper-legacy\" style=\"background-position:left top;background-repeat:no-repeat;-webkit-background-size:cover;-moz-background-size:cover;-o-background-size:cover;background-size:cover;padding: 0px 0px 0px 0px;\"><iframe src=\"https:\/\/www.google.com\/maps\/embed?pb=!1m18!1m12!1m3!1d5805.176279670419!2d-1.8790096682100939!3d43.3228804947682!2m3!1f0!2f0!3f0!3m2!1i1024!2i768!4f13.1!3m3!1m2!1s0xd51a632e6742bcf:0xbf7603860b882bb8!2sCompresores+Gipuzkoa+S.L.U.!5e0!3m2!1ses!2ses!4v1537433318551\" width=\"100%\" height=\"350\" frameborder=\"0\" style=\"border:0\" allowfullscreen=\"\"><\/iframe><div class=\"fusion-clearfix\"><\/div><\/div><\/div><\/div><\/div><div class=\"fusion-fullwidth fullwidth-box fusion-builder-row-2 nonhundred-percent-fullwidth non-hundred-percent-height-scrolling\" style=\"background-color: rgba(255,255,255,0);background-position: left top;background-repeat: no-repeat;padding-top:100px;padding-right:0px;padding-bottom:75px;padding-left:0px;margin-bottom: 0px;margin-top: 0px;border-width: 0px 0px 0px 0px;border-color:#eaeaea;border-style:solid;\" ><div class=\"fusion-builder-row fusion-row\"><div class=\"fusion-layout-column fusion_builder_column fusion-builder-column-1 fusion_builder_column_1_2 1_2 fusion-one-half fusion-column-first fusion-column-no-min-height\" style=\"width:48%; margin-right: 4%;margin-top:0px;margin-bottom:0px;\"><div class=\"fusion-column-wrapper fusion-flex-column-wrapper-legacy\" style=\"background-position:left top;background-repeat:no-repeat;-webkit-background-size:cover;-moz-background-size:cover;-o-background-size:cover;background-size:cover;padding: 0px 0px 0px 0px;\"><style type=\"text\/css\"><\/style><div class=\"fusion-title title fusion-title-1 fusion-sep-none fusion-title-text fusion-title-size-one\" style=\"margin-top:0%;margin-bottom:30px;\"><h1 class=\"title-heading-left\" style=\"margin:0;\">HARREMANETARAKO<\/h1><\/div><div class=\"fusion-text fusion-text-1\"><p>Jarri harremanetan gure lantaldearekin ondoko <strong>inprimakiaren<\/strong> bitartez edo, nahiago baduzu, gure <strong>telefono-zenbakira<\/strong> deituz.<\/p>\n<\/div><ul class=\"fusion-checklist fusion-checklist-1 fusion-checklist-divider\" style=\"font-size:15px;line-height:25.5px;\"><li class=\"fusion-li-item\" style=\"border-bottom-color:#eaeaea\"><span style=\"height:25.5px;width:25.5px;margin-right:10.5px;\" class=\"icon-wrapper circle-no\"><i class=\"fusion-li-icon fa-map-marker fas\" style=\"color:#0067b4;\" aria-hidden=\"true\"><\/i><\/span><div class=\"fusion-li-item-content\" style=\"margin-left:36px;\">\n<p>Txatxamendi kalea 41 &#8211; POL.110, 20100 Lezo (Gipuzkoa)<\/p>\n<\/div><\/li><li class=\"fusion-li-item\" style=\"border-bottom-color:#eaeaea\"><span style=\"height:25.5px;width:25.5px;margin-right:10.5px;\" class=\"icon-wrapper circle-no\"><i class=\"fusion-li-icon fa-phone fas\" style=\"color:#0067b4;\" aria-hidden=\"true\"><\/i><\/span><div class=\"fusion-li-item-content\" style=\"margin-left:36px;\">\n<p>+34 943 517 994<\/p>\n<\/div><\/li><li class=\"fusion-li-item\" style=\"border-bottom-color:#eaeaea\"><span style=\"height:25.5px;width:25.5px;margin-right:10.5px;\" class=\"icon-wrapper circle-no\"><i class=\"fusion-li-icon fa-envelope-open fas\" style=\"color:#0067b4;\" aria-hidden=\"true\"><\/i><\/span><div class=\"fusion-li-item-content\" style=\"margin-left:36px;\">\n<p><strong>Aire konprimatuko<\/strong> bezeroen eremua: <a href=\"mailto:info@compresoresgipuzkoa.net\">info@compresoresgipuzkoa.net<\/a><\/p>\n<\/div><\/li><li class=\"fusion-li-item\" style=\"border-bottom-color:#eaeaea\"><span style=\"height:25.5px;width:25.5px;margin-right:10.5px;\" class=\"icon-wrapper circle-no\"><i class=\"fusion-li-icon fa-envelope-open fas\" style=\"color:#0067b4;\" aria-hidden=\"true\"><\/i><\/span><div class=\"fusion-li-item-content\" style=\"margin-left:36px;\">\n<p><strong>Industria-gaseko<\/strong> bezeroen eremua:<a href=\"mailto:info@ubegas.com\">info@ubegas.com<\/a><\/p>\n<\/div><\/li><\/ul><div class=\"fusion-sep-clear\"><\/div><div class=\"fusion-separator fusion-full-width-sep\" style=\"margin-left: auto;margin-right: auto;margin-top:15px;margin-bottom:15px;width:100%;\"><\/div><div class=\"fusion-sep-clear\"><\/div><div class=\"fusion-social-links\"><div class=\"fusion-social-networks\"><div class=\"fusion-social-networks-wrapper\"><a class=\"fusion-social-network-icon fusion-tooltip fusion-facebook fusion-icon-facebook\" style=\"color:#0067b4;font-size:24px;\" data-placement=\"top\" data-title=\"Facebook\" data-toggle=\"tooltip\" title=\"Facebook\" aria-label=\"fusion-facebook\" target=\"_blank\" rel=\"noopener noreferrer\" href=\"#\"><\/a><a class=\"fusion-social-network-icon fusion-tooltip fusion-twitter fusion-icon-twitter\" style=\"color:#0067b4;font-size:24px;\" data-placement=\"top\" data-title=\"Twitter\" data-toggle=\"tooltip\" title=\"Twitter\" aria-label=\"fusion-twitter\" target=\"_blank\" rel=\"noopener noreferrer\" href=\"#\"><\/a><a class=\"fusion-social-network-icon fusion-tooltip fusion-youtube fusion-icon-youtube\" style=\"color:#0067b4;font-size:24px;\" data-placement=\"top\" data-title=\"YouTube\" data-toggle=\"tooltip\" title=\"YouTube\" aria-label=\"fusion-youtube\" target=\"_blank\" rel=\"noopener noreferrer\" href=\"#\"><\/a><a class=\"fusion-social-network-icon fusion-tooltip fusion-tumblr fusion-icon-tumblr\" style=\"color:#0067b4;font-size:24px;\" data-placement=\"top\" data-title=\"Tumblr\" data-toggle=\"tooltip\" title=\"Tumblr\" aria-label=\"fusion-tumblr\" target=\"_blank\" rel=\"noopener noreferrer\" href=\"#\"><\/a><\/div><\/div><\/div><div class=\"fusion-clearfix\"><\/div><\/div><\/div><div class=\"fusion-layout-column fusion_builder_column fusion-builder-column-2 fusion_builder_column_1_2 1_2 fusion-one-half fusion-column-last fusion-column-no-min-height\" style=\"width:48%;margin-top:0px;margin-bottom:0px;\"><div class=\"fusion-column-wrapper fusion-flex-column-wrapper-legacy\" style=\"background-position:left top;background-repeat:no-repeat;-webkit-background-size:cover;-moz-background-size:cover;-o-background-size:cover;background-size:cover;padding: 0px 0px 0px 0px;\"><div class=\"wpforms-container wpforms-container-full\" id=\"wpforms-1278\"><form id=\"wpforms-form-1278\" class=\"wpforms-validate wpforms-form wpforms-ajax-form\" data-formid=\"1278\" method=\"post\" enctype=\"multipart\/form-data\" action=\"\/eu\/wp-json\/wp\/v2\/pages\/1208\" data-token=\"3da627857ac9e02a60d6dac6ed4a87d2\"><noscript class=\"wpforms-error-noscript\">Please enable JavaScript in your browser to complete this form.<\/noscript><div class=\"wpforms-field-container\"><div id=\"wpforms-1278-field_0-container\" class=\"wpforms-field wpforms-field-name\" data-field-id=\"0\"><label class=\"wpforms-field-label\" for=\"wpforms-1278-field_0\">Izena <span class=\"wpforms-required-label\">*<\/span><\/label><input type=\"text\" id=\"wpforms-1278-field_0\" class=\"wpforms-field-medium wpforms-field-required\" name=\"wpforms[fields][0]\" required><\/div><div id=\"wpforms-1278-field_1-container\" class=\"wpforms-field wpforms-field-email\" data-field-id=\"1\"><label class=\"wpforms-field-label\" for=\"wpforms-1278-field_1\">Emaila <span class=\"wpforms-required-label\">*<\/span><\/label><input type=\"email\" id=\"wpforms-1278-field_1\" class=\"wpforms-field-medium wpforms-field-required\" name=\"wpforms[fields][1]\" required><\/div><div id=\"wpforms-1278-field_3-container\" class=\"wpforms-field wpforms-field-text\" data-field-id=\"3\"><label class=\"wpforms-field-label\" for=\"wpforms-1278-field_3\">Arazoa <span class=\"wpforms-required-label\">*<\/span><\/label><input type=\"text\" id=\"wpforms-1278-field_3\" class=\"wpforms-field-medium wpforms-field-required\" name=\"wpforms[fields][3]\" required><\/div><div id=\"wpforms-1278-field_2-container\" class=\"wpforms-field wpforms-field-textarea\" data-field-id=\"2\"><label class=\"wpforms-field-label\" for=\"wpforms-1278-field_2\">Zertan lagun diezazukegu? <span class=\"wpforms-required-label\">*<\/span><\/label><textarea id=\"wpforms-1278-field_2\" class=\"wpforms-field-medium wpforms-field-required\" name=\"wpforms[fields][2]\" required><\/textarea><\/div><div id=\"wpforms-1278-field_4-container\" class=\"wpforms-field wpforms-field-checkbox\" data-field-id=\"4\"><label class=\"wpforms-field-label\" for=\"wpforms-1278-field_4\">Pribatutasun-politika <span class=\"wpforms-required-label\">*<\/span><\/label><ul id=\"wpforms-1278-field_4\" class=\"wpforms-field-required\"><li class=\"choice-1 depth-1\"><input type=\"checkbox\" id=\"wpforms-1278-field_4_1\" name=\"wpforms[fields][4][]\" value=\"Onartzen ditut baldintzak\" required ><label class=\"wpforms-field-label-inline\" for=\"wpforms-1278-field_4_1\">Onartzen ditut baldintzak<\/label><\/li><\/ul><div class=\"wpforms-field-description\"><small>Tratamiento de datos Y Pol\u00edtica de privacidad\r\nDe conformidad con el Reglamento Europeo de Protecci\u00f3n de Datos 2016\/679 (en adelante RE 2016\/679) te informamos de que los datos personales suministrados se incorporar\u00e1n a los ficheros inform\u00e1ticos y documentales de Compresores de Gipuzkoa S.L.U con CIF: B20503660, lo que consientes expresamente mediante la aceptaci\u00f3n del presente formulario; este consentimiento expreso conforma la base legal para el tratamiento de tus datos personales, los cuales se tratar\u00e1n con las debidas medidas de seguridad que garanticen su confidencialidad, integridad y resiliencia, pudiendo consultar la pol\u00edtica de protecci\u00f3n de datos ampliada en la web www.compresoresgipuzkoa.net\/aviso-legal. Compresores de Gipuzkoa S.L.U no ceder\u00e1 tus datos personales a terceros salvo obligaci\u00f3n legal al respecto. La finalidad del tratamiento de tus datos personales es la resoluci\u00f3n de dudas, consultas o solictudes de presupuestos a trav\u00e9s del formulario.<\/small><\/div><\/div><\/div><div class=\"wpforms-submit-container\"><input type=\"hidden\" name=\"wpforms[id]\" value=\"1278\"><input type=\"hidden\" name=\"wpforms[author]\" value=\"1\"><button type=\"submit\" name=\"wpforms[submit]\" id=\"wpforms-submit-1278\" class=\"wpforms-submit\" data-alt-text=\"Enviando...\" data-submit-text=\"Bidali\" aria-live=\"assertive\" value=\"wpforms-submit\">Bidali<\/button><img src=\"data:image\/svg+xml,%3Csvg%20xmlns%3D%27http%3A%2F%2Fwww.w3.org%2F2000%2Fsvg%27%20width%3D%2726%27%20height%3D%2726%27%20viewBox%3D%270%200%2026%2026%27%3E%3Crect%20width%3D%2726%27%20height%3D%27326%27%20fill-opacity%3D%220%22%2F%3E%3C%2Fsvg%3E\" data-orig-src=\"https:\/\/compresoresgipuzkoa.net\/wp-content\/plugins\/wpforms-lite\/assets\/images\/submit-spin.svg\" class=\"lazyload wpforms-submit-spinner\" style=\"display: none;\" width=\"26\" height=\"26\" alt=\"Loading\"><\/div><\/form><\/div>  <!-- .wpforms-container --><div class=\"fusion-clearfix\"><\/div><\/div><\/div><\/div><\/div><\/p>\n","protected":false},"excerpt":{"rendered":"","protected":false},"author":1,"featured_media":1138,"parent":0,"menu_order":0,"comment_status":"closed","ping_status":"closed","template":"100-width.php","meta":[],"_links":{"self":[{"href":"https:\/\/compresoresgipuzkoa.net\/eu\/wp-json\/wp\/v2\/pages\/1208"}],"collection":[{"href":"https:\/\/compresoresgipuzkoa.net\/eu\/wp-json\/wp\/v2\/pages"}],"about":[{"href":"https:\/\/compresoresgipuzkoa.net\/eu\/wp-json\/wp\/v2\/types\/page"}],"author":[{"embeddable":true,"href":"https:\/\/compresoresgipuzkoa.net\/eu\/wp-json\/wp\/v2\/users\/1"}],"replies":[{"embeddable":true,"href":"https:\/\/compresoresgipuzkoa.net\/eu\/wp-json\/wp\/v2\/comments?post=1208"}],"version-history":[{"count":5,"href":"https:\/\/compresoresgipuzkoa.net\/eu\/wp-json\/wp\/v2\/pages\/1208\/revisions"}],"predecessor-version":[{"id":1283,"href":"https:\/\/compresoresgipuzkoa.net\/eu\/wp-json\/wp\/v2\/pages\/1208\/revisions\/1283"}],"wp:featuredmedia":[{"embeddable":true,"href":"https:\/\/compresoresgipuzkoa.net\/eu\/wp-json\/wp\/v2\/media\/1138"}],"wp:attachment":[{"href":"https:\/\/compresoresgipuzkoa.net\/eu\/wp-json\/wp\/v2\/media?parent=1208"}],"curies":[{"name":"wp","href":"https:\/\/api.w.org\/{rel}","templated":true}]}}